{"id":10,"date":"2022-12-23T18:55:05","date_gmt":"2022-12-23T17:55:05","guid":{"rendered":"https:\/\/www.babalweb.com\/fr\/?page_id=10"},"modified":"2024-03-26T20:22:46","modified_gmt":"2024-03-26T19:22:46","slug":"bienvenue-sur-le-portail-babalweb","status":"publish","type":"page","link":"https:\/\/www.babalweb.com\/fr\/","title":{"rendered":"Bienvenue sur le portail Babalweb !"},"content":{"rendered":"\n<p>Babalweb est un portail g\u00e9n\u00e9ral d&rsquo;information. Choisir une de nos section:<\/p>\n\n\n\n<p><a href=\"https:\/\/www.babalweb.com\/auto\/fr\/\" data-type=\"URL\" data-id=\"https:\/\/www.babalweb.com\/auto\/fr\/\" target=\"_blank\" rel=\"noreferrer noopener\">Prix des v\u00e9hicules neufs en Alg\u00e9rie<\/a><\/p>\n\n\n\n<p><a rel=\"noreferrer noopener\" href=\"https:\/\/www.babalweb.com\/phones\/fr\/\" target=\"_blank\">Prix des smartphones neufs en Alg\u00e9rie<\/a><\/p>\n\n\n\n<h2 class=\"wp-block-heading\">Finance alg\u00e9rie<\/h2>\n\n\n\n<p><a href=\"https:\/\/www.babalweb.com\/finance\/taux-de-change\/marche-noir\/\">Taux de change du dinar alg\u00e9rien aujourd&rsquo;hui au march\u00e9 noir<\/a>.<\/p>\n\n\n\n<p><a href=\"https:\/\/www.babalweb.com\/finance\/taux-de-change\/cours-officiel\/\">Taux de change officiel du dinar alg\u00e9rien aujourd&rsquo;hui<\/a>.<\/p>\n\n\n\n<h2 class=\"wp-block-heading\">Blogs<\/h2>\n\n\n\n<p><a href=\"https:\/\/www.babalweb.com\/fr\/jobs\/\">Blog de l&rsquo;Emploi et le recrutement<\/a><\/p>\n\n\n\n<p><a href=\"https:\/\/www.babalweb.com\/fr\/durable\/\">Blog sur la consommation durable<\/a><\/p>\n\n\n\n<p><a href=\"https:\/\/bbwauto.blogspot.com\/\" data-type=\"URL\" data-id=\"https:\/\/bbwauto.blogspot.com\/\" target=\"_blank\" rel=\"noopener\">Blog sur l&rsquo;automobile<\/a><\/p>\n\n\n\n<p><a href=\"https:\/\/www.babalweb.com\/fr\/investir\/\" data-type=\"URL\" data-id=\"https:\/\/www.babalweb.com\/fr\/investir\/\">Argent et investissement<\/a><\/p>\n\n\n\n<p><a href=\"https:\/\/www.babalweb.com\/fr\/voyages\/\" data-type=\"URL\" data-id=\"https:\/\/www.babalweb.com\/fr\/voyages\/\">Voyages et tourisme<\/a><\/p>\n\n\n\n<h2 class=\"wp-block-heading\">Religion<\/h2>\n\n\n\n<p><a href=\"https:\/\/awkatsalat.net\/fr\/horaires-prieres\/\" target=\"_blank\" rel=\"noopener\">Horaires des pri\u00e8res<\/a><\/p>\n\n\n\n<p><a href=\"https:\/\/awkatsalat.net\/fr\/fetes-islamiques\/\" target=\"_blank\" rel=\"noopener\">F\u00eates religieuses musulmanes<\/a><\/p>\n\n\n\n<p><a href=\"https:\/\/awkatsalat.net\/quran\/language-fr.html\" data-type=\"URL\" data-id=\"https:\/\/awkatsalat.net\/quran\/language-fr.html\" target=\"_blank\" rel=\"noopener\">Coran<\/a><\/p>\n\n\n\n<p> <\/p>\n","protected":false},"excerpt":{"rendered":"<p>Babalweb est un portail g\u00e9n\u00e9ral d&rsquo;information. Choisir une de nos section: Prix des v\u00e9hicules neufs<\/p>\n","protected":false},"author":1,"featured_media":0,"parent":0,"menu_order":0,"comment_status":"closed","ping_status":"closed","template":"","meta":{"footnotes":""},"class_list":["post-10","page","type-page","status-publish","hentry"],"_links":{"self":[{"href":"https:\/\/www.babalweb.com\/fr\/wp-json\/wp\/v2\/pages\/10","targetHints":{"allow":["GET"]}}],"collection":[{"href":"https:\/\/www.babalweb.com\/fr\/wp-json\/wp\/v2\/pages"}],"about":[{"href":"https:\/\/www.babalweb.com\/fr\/wp-json\/wp\/v2\/types\/page"}],"author":[{"embeddable":true,"href":"https:\/\/www.babalweb.com\/fr\/wp-json\/wp\/v2\/users\/1"}],"replies":[{"embeddable":true,"href":"https:\/\/www.babalweb.com\/fr\/wp-json\/wp\/v2\/comments?post=10"}],"version-history":[{"count":2,"href":"https:\/\/www.babalweb.com\/fr\/wp-json\/wp\/v2\/pages\/10\/revisions"}],"predecessor-version":[{"id":129,"href":"https:\/\/www.babalweb.com\/fr\/wp-json\/wp\/v2\/pages\/10\/revisions\/129"}],"wp:attachment":[{"href":"https:\/\/www.babalweb.com\/fr\/wp-json\/wp\/v2\/media?parent=10"}],"curies":[{"name":"wp","href":"https:\/\/api.w.org\/{rel}","templated":true}]}}